{"id":39,"date":"2025-03-26T00:09:50","date_gmt":"2025-03-26T00:09:50","guid":{"rendered":"https:\/\/forestgreen-narwhal-999138.hostingersite.com\/?page_id=39"},"modified":"2025-07-14T22:44:49","modified_gmt":"2025-07-14T22:44:49","slug":"restaurantes","status":"publish","type":"page","link":"https:\/\/parquemaniacos.es\/disneymaniacos\/restaurantes\/","title":{"rendered":"Restaurantes"},"content":{"rendered":"\n<p>Iremos completando este apartando seg\u00fan nuestra experiencia en los diferentes restaurantes. Todo lo que indicamos a continuaci\u00f3n es seg\u00fan nuestra experiencia y teniendo en cuenta que nuestras valoraciones son en base al condicionante de la alergia a los frutos secos de uno de nuestros hijos.<\/p>\n\n\n\n<p>Debemos decir que en todos los restaurantes nos han atendido en castellano o hacen todo lo posible para que no tengamos problemas de comunicaci\u00f3n. Nada m\u00e1s entrar pedimos la carta de al\u00e9rgenos, y nos dan una carpeta en la que viene todo detallado seg\u00fan la alergia\/intolerancia.<\/p>\n\n\n\n<p>\u00b7 <strong>Casa Coco<\/strong>. Visitamos este restaurante de servicio r\u00e1pido precisamente porque busc\u00e1bamos algo r\u00e1pido, para ir a coger sitio y poder ver el espect\u00e1culo nocturno Tales of Magic desde un buen lugar. Comimos unos burritos, con patatas y helados de postre. Al elegir el plato principal, hab\u00eda variedad y no tuvimos problemas por la alergia, pero en los postres, solo tuvo una opci\u00f3n. Espacio muy bien ambientado.<\/p>\n\n\n\n<p><\/p>\n\n\n\n<figure class=\"wp-block-image size-large\"><img loading=\"lazy\" decoding=\"async\" width=\"1470\" height=\"1103\" src=\"https:\/\/parquemaniacos.es\/wp-content\/uploads\/2025\/07\/image-edited.png\" alt=\"\" class=\"wp-image-1788\" srcset=\"https:\/\/parquemaniacos.es\/wp-content\/uploads\/2025\/07\/image-edited.png 1470w, https:\/\/parquemaniacos.es\/wp-content\/uploads\/2025\/07\/image-edited-300x225.png 300w, https:\/\/parquemaniacos.es\/wp-content\/uploads\/2025\/07\/image-edited-1024x768.png 1024w, https:\/\/parquemaniacos.es\/wp-content\/uploads\/2025\/07\/image-edited-768x576.png 768w, https:\/\/parquemaniacos.es\/wp-content\/uploads\/2025\/07\/image-edited-1439x1080.png 1439w, https:\/\/parquemaniacos.es\/wp-content\/uploads\/2025\/07\/image-edited-600x450.png 600w\" sizes=\"(max-width: 1470px) 100vw, 1470px\" \/><\/figure>\n\n\n\n<p>\u00b7 <strong>Plaza Gardens<\/strong>. Disfrutamos de este gran buffet. Un ambiente muy familiar, elegante&#8230; Pese a ser buffet y tener una gran variedad de opciones, la carta de al\u00e9rgenos est\u00e1 muy bien identificada con todos los platos. Variedad de ensaladas, nos llamaron la atenci\u00f3n los asadores de pollos y a nuestros 2 peques les encantaron los postres (y a mi tambi\u00e9n). <\/p>\n\n\n\n<p><\/p>\n\n\n\n<figure class=\"wp-block-image size-large\"><img loading=\"lazy\" decoding=\"async\" width=\"1200\" height=\"900\" src=\"https:\/\/parquemaniacos.es\/wp-content\/uploads\/2025\/07\/Imagen-de-WhatsApp-2025-07-14-a-las-23.53.18_b4b2f6f4-edited.jpg\" alt=\"\" class=\"wp-image-1790\" srcset=\"https:\/\/parquemaniacos.es\/wp-content\/uploads\/2025\/07\/Imagen-de-WhatsApp-2025-07-14-a-las-23.53.18_b4b2f6f4-edited.jpg 1200w, https:\/\/parquemaniacos.es\/wp-content\/uploads\/2025\/07\/Imagen-de-WhatsApp-2025-07-14-a-las-23.53.18_b4b2f6f4-edited-300x225.jpg 300w, https:\/\/parquemaniacos.es\/wp-content\/uploads\/2025\/07\/Imagen-de-WhatsApp-2025-07-14-a-las-23.53.18_b4b2f6f4-edited-1024x768.jpg 1024w, https:\/\/parquemaniacos.es\/wp-content\/uploads\/2025\/07\/Imagen-de-WhatsApp-2025-07-14-a-las-23.53.18_b4b2f6f4-edited-768x576.jpg 768w, https:\/\/parquemaniacos.es\/wp-content\/uploads\/2025\/07\/Imagen-de-WhatsApp-2025-07-14-a-las-23.53.18_b4b2f6f4-edited-600x450.jpg 600w\" sizes=\"(max-width: 1200px) 100vw, 1200px\" \/><\/figure>\n\n\n\n<p>\u00b7 <strong>PYM Kitchen<\/strong>. Uno de nuestros favoritos. Muy recomendable. Platos muy originales. Bastante variedad. Comida muy divertida. Un buen detalle es el Pretzel que te sacan nada m\u00e1s sentarte a la mesa. A los ni\u00f1os les dan pinturas para que puedan pintar los manteles. Los al\u00e9rgenos est\u00e1n muy bien identificados en la carpeta que te dan en la entrada. Nos gustaron mucho unas salchichas que est\u00e1n clavadas en unas brochetas y est\u00e1n con un rebozado muy rico. La hamburguesa y el perrito caliente gigante, son muy Instagrameables. La decoraci\u00f3n del local est\u00e1 muy bien. Si debo poner un \u00abpero\u00bb, es el hecho de que el ba\u00f1o es compartido y es al que acceden las personas que est\u00e1n en el parque.<\/p>\n\n\n\n<p><\/p>\n\n\n\n<figure class=\"wp-block-image size-full\"><img loading=\"lazy\" decoding=\"async\" width=\"797\" height=\"598\" src=\"https:\/\/parquemaniacos.es\/wp-content\/uploads\/2025\/07\/image-1-edited.png\" alt=\"\" class=\"wp-image-1792\" srcset=\"https:\/\/parquemaniacos.es\/wp-content\/uploads\/2025\/07\/image-1-edited.png 797w, https:\/\/parquemaniacos.es\/wp-content\/uploads\/2025\/07\/image-1-edited-300x225.png 300w, https:\/\/parquemaniacos.es\/wp-content\/uploads\/2025\/07\/image-1-edited-768x576.png 768w, https:\/\/parquemaniacos.es\/wp-content\/uploads\/2025\/07\/image-1-edited-600x450.png 600w\" sizes=\"(max-width: 797px) 100vw, 797px\" \/><\/figure>\n\n\n\n<p>\u00b7 <strong>Pizzer\u00eda Bella Notte<\/strong>. Restaurante de comida r\u00e1pida, pero que a nosotros nos gust\u00f3 mucho. Las pizzas para los peques est\u00e1n muy bien y, los spaghetti de la Dama y el Vagabundo est\u00e1n muy ricos. El que te completen el men\u00fa con una bolsita de tomates cherry, est\u00e1 genial. El espacio es muy bonito. Detalle negativo, no tiene ba\u00f1o y hay que salir al m\u00e1s cercano de la calle en caso de necesidad. Los al\u00e9rgenos muy bien identificados.<\/p>\n\n\n\n<p><\/p>\n\n\n\n<figure class=\"wp-block-image size-large\"><img loading=\"lazy\" decoding=\"async\" width=\"768\" height=\"1024\" src=\"https:\/\/parquemaniacos.es\/wp-content\/uploads\/2025\/07\/Imagen-de-WhatsApp-2025-07-15-a-las-00.13.26_fd069b39-768x1024.jpg\" alt=\"\" class=\"wp-image-1794\" srcset=\"https:\/\/parquemaniacos.es\/wp-content\/uploads\/2025\/07\/Imagen-de-WhatsApp-2025-07-15-a-las-00.13.26_fd069b39-768x1024.jpg 768w, https:\/\/parquemaniacos.es\/wp-content\/uploads\/2025\/07\/Imagen-de-WhatsApp-2025-07-15-a-las-00.13.26_fd069b39-225x300.jpg 225w, https:\/\/parquemaniacos.es\/wp-content\/uploads\/2025\/07\/Imagen-de-WhatsApp-2025-07-15-a-las-00.13.26_fd069b39-1152x1536.jpg 1152w, https:\/\/parquemaniacos.es\/wp-content\/uploads\/2025\/07\/Imagen-de-WhatsApp-2025-07-15-a-las-00.13.26_fd069b39-810x1080.jpg 810w, https:\/\/parquemaniacos.es\/wp-content\/uploads\/2025\/07\/Imagen-de-WhatsApp-2025-07-15-a-las-00.13.26_fd069b39-600x800.jpg 600w, https:\/\/parquemaniacos.es\/wp-content\/uploads\/2025\/07\/Imagen-de-WhatsApp-2025-07-15-a-las-00.13.26_fd069b39.jpg 1200w\" sizes=\"(max-width: 768px) 100vw, 768px\" \/><\/figure>\n\n\n\n<p>\u00b7 <strong>Stark Factory<\/strong>. Otro de nuestros favoritos de comida r\u00e1pida. Los platos de pasta y las pizzas est\u00e1n muy ricas. Los men\u00fas tambi\u00e9n los acompa\u00f1an con una bolsita de tomates cherry. Para los refrescos te dan un vaso con un c\u00f3digo QR que lo debes escanear en la m\u00e1quina, y te lo rellenar\u00e1 una vez. La decoraci\u00f3n es genial. Los al\u00e9rgenos muy bien identificados. A nuestros peques les gust\u00f3 mucho.<\/p>\n\n\n\n<p><\/p>\n\n\n\n<figure class=\"wp-block-image size-large\"><img loading=\"lazy\" decoding=\"async\" width=\"768\" height=\"1024\" src=\"https:\/\/parquemaniacos.es\/wp-content\/uploads\/2025\/07\/Imagen-de-WhatsApp-2025-07-15-a-las-00.18.42_3cd9e370-768x1024.jpg\" alt=\"\" class=\"wp-image-1796\" srcset=\"https:\/\/parquemaniacos.es\/wp-content\/uploads\/2025\/07\/Imagen-de-WhatsApp-2025-07-15-a-las-00.18.42_3cd9e370-768x1024.jpg 768w, https:\/\/parquemaniacos.es\/wp-content\/uploads\/2025\/07\/Imagen-de-WhatsApp-2025-07-15-a-las-00.18.42_3cd9e370-225x300.jpg 225w, https:\/\/parquemaniacos.es\/wp-content\/uploads\/2025\/07\/Imagen-de-WhatsApp-2025-07-15-a-las-00.18.42_3cd9e370-1152x1536.jpg 1152w, https:\/\/parquemaniacos.es\/wp-content\/uploads\/2025\/07\/Imagen-de-WhatsApp-2025-07-15-a-las-00.18.42_3cd9e370-810x1080.jpg 810w, https:\/\/parquemaniacos.es\/wp-content\/uploads\/2025\/07\/Imagen-de-WhatsApp-2025-07-15-a-las-00.18.42_3cd9e370-600x800.jpg 600w, https:\/\/parquemaniacos.es\/wp-content\/uploads\/2025\/07\/Imagen-de-WhatsApp-2025-07-15-a-las-00.18.42_3cd9e370.jpg 1200w\" sizes=\"(max-width: 768px) 100vw, 768px\" \/><\/figure>\n\n\n\n<p>\u00b7 <strong>Caf\u00e9 Hyperion<\/strong>. Nuestra experiencia aqu\u00ed fue mal\u00edsima. Tuvimos que resguardarnos debido a la fuerte lluvia y aprovechamos para cenar algo r\u00e1pido antes de irnos al hotel a ducharnos y a descansar. No nos atendieron en castellano, pedimos si le pod\u00edan quitar un ingrediente a la hamburguesa de nuestro hijo y nos dijeron que no se pod\u00edan hacer peticiones especiales. Despu\u00e9s de insistirles, nos dijeron que lo har\u00edan, y cuando abrimos la hamburguesa nos dimos cuenta que no tuvieron en cuenta la petici\u00f3n. Nos resguardamos much\u00edsimas personas all\u00ed, e incluso viendo que no hab\u00eda mesas libres para todos, no abrieron las zonas de mesas libres que ten\u00edan acordonadas. Muchas personas dando vueltas por las gradas con bandejas llenas de comida y bebida buscando sitio para sentarse a cenar, pero sin poder hacerlo.<\/p>\n\n\n\n<p><\/p>\n\n\n\n<figure class=\"wp-block-image\"><img decoding=\"async\" src=\"https:\/\/www.disneytouristblog.com\/wp-content\/uploads\/2015\/05\/airship-hyperion-discoveryland-disneyland-paris.jpg\" alt=\"Cafe Hyperion Review - Disney Tourist Blog\"\/><\/figure>\n\n\n\n<p>\u00b7 <strong>La Cantina<\/strong>. El restaurante buffet del Hotel Santa Fe, nunca defrauda. Comida Tex-Mex. Bastante variedad. Todo muy rico, y algo que nos gusta mucho es el poder hacernos nuestros propios tacos a nuestro gusto. La Carne est\u00e1 muy buena. Los postres tambi\u00e9n muy ricos. Los al\u00e9rgenos muy bien identificados. Nos surgi\u00f3 alguna duda, pero enseguida nos la resolvieron.<\/p>\n\n\n\n<p><\/p>\n\n\n\n<figure class=\"wp-block-image size-large\"><img loading=\"lazy\" decoding=\"async\" width=\"768\" height=\"1024\" src=\"https:\/\/parquemaniacos.es\/wp-content\/uploads\/2025\/07\/Imagen-de-WhatsApp-2025-07-15-a-las-00.37.16_ddf9cfab-768x1024.jpg\" alt=\"\" class=\"wp-image-1799\" srcset=\"https:\/\/parquemaniacos.es\/wp-content\/uploads\/2025\/07\/Imagen-de-WhatsApp-2025-07-15-a-las-00.37.16_ddf9cfab-768x1024.jpg 768w, https:\/\/parquemaniacos.es\/wp-content\/uploads\/2025\/07\/Imagen-de-WhatsApp-2025-07-15-a-las-00.37.16_ddf9cfab-225x300.jpg 225w, https:\/\/parquemaniacos.es\/wp-content\/uploads\/2025\/07\/Imagen-de-WhatsApp-2025-07-15-a-las-00.37.16_ddf9cfab-1152x1536.jpg 1152w, https:\/\/parquemaniacos.es\/wp-content\/uploads\/2025\/07\/Imagen-de-WhatsApp-2025-07-15-a-las-00.37.16_ddf9cfab-810x1080.jpg 810w, https:\/\/parquemaniacos.es\/wp-content\/uploads\/2025\/07\/Imagen-de-WhatsApp-2025-07-15-a-las-00.37.16_ddf9cfab-600x800.jpg 600w, https:\/\/parquemaniacos.es\/wp-content\/uploads\/2025\/07\/Imagen-de-WhatsApp-2025-07-15-a-las-00.37.16_ddf9cfab.jpg 1200w\" sizes=\"(max-width: 768px) 100vw, 768px\" \/><\/figure>\n\n\n\n<p><\/p>\n","protected":false},"excerpt":{"rendered":"<p>Iremos completando este apartando seg\u00fan nuestra experiencia en los diferentes restaurantes. Todo lo que indicamos a continuaci\u00f3n es seg\u00fan nuestra experiencia y teniendo en cuenta que nuestras valoraciones son en base al condicionante de la alergia a los frutos secos de uno de nuestros hijos. Debemos decir que en todos los restaurantes nos han atendido [&hellip;]<\/p>\n","protected":false},"author":1,"featured_media":0,"parent":0,"menu_order":0,"comment_status":"closed","ping_status":"closed","template":"","meta":{"saved_in_kubio":false,"_surecart_dashboard_logo_width":"180px","_surecart_dashboard_show_logo":true,"_surecart_dashboard_navigation_orders":true,"_surecart_dashboard_navigation_invoices":true,"_surecart_dashboard_navigation_subscriptions":true,"_surecart_dashboard_navigation_downloads":true,"_surecart_dashboard_navigation_billing":true,"_surecart_dashboard_navigation_account":true,"_uag_custom_page_level_css":"","footnotes":""},"class_list":["post-39","page","type-page","status-publish","hentry"],"aioseo_notices":[],"kubio_ai_page_context":{"short_desc":"","purpose":"general"},"uagb_featured_image_src":{"full":false,"thumbnail":false,"medium":false,"medium_large":false,"large":false,"1536x1536":false,"2048x2048":false,"kubio-fullhd":false,"woocommerce_thumbnail":false,"woocommerce_single":false,"woocommerce_gallery_thumbnail":false},"uagb_author_info":{"display_name":"Parquemaniacos","author_link":"https:\/\/parquemaniacos.es\/disneymaniacos\/author\/disneymaniacosporelmundogmail-com\/"},"uagb_comment_info":0,"uagb_excerpt":"Iremos completando este apartando seg\u00fan nuestra experiencia en los diferentes restaurantes. Todo lo que indicamos a continuaci\u00f3n es seg\u00fan nuestra experiencia y teniendo en cuenta que nuestras valoraciones son en base al condicionante de la alergia a los frutos secos de uno de nuestros hijos. Debemos decir que en todos los restaurantes nos han atendido&hellip;","_links":{"self":[{"href":"https:\/\/parquemaniacos.es\/disneymaniacos\/wp-json\/wp\/v2\/pages\/39","targetHints":{"allow":["GET"]}}],"collection":[{"href":"https:\/\/parquemaniacos.es\/disneymaniacos\/wp-json\/wp\/v2\/pages"}],"about":[{"href":"https:\/\/parquemaniacos.es\/disneymaniacos\/wp-json\/wp\/v2\/types\/page"}],"author":[{"embeddable":true,"href":"https:\/\/parquemaniacos.es\/disneymaniacos\/wp-json\/wp\/v2\/users\/1"}],"replies":[{"embeddable":true,"href":"https:\/\/parquemaniacos.es\/disneymaniacos\/wp-json\/wp\/v2\/comments?post=39"}],"version-history":[{"count":8,"href":"https:\/\/parquemaniacos.es\/disneymaniacos\/wp-json\/wp\/v2\/pages\/39\/revisions"}],"predecessor-version":[{"id":1800,"href":"https:\/\/parquemaniacos.es\/disneymaniacos\/wp-json\/wp\/v2\/pages\/39\/revisions\/1800"}],"wp:attachment":[{"href":"https:\/\/parquemaniacos.es\/disneymaniacos\/wp-json\/wp\/v2\/media?parent=39"}],"curies":[{"name":"wp","href":"https:\/\/api.w.org\/{rel}","templated":true}]}}