{"id":38,"date":"2025-03-26T00:09:50","date_gmt":"2025-03-26T00:09:50","guid":{"rendered":"https:\/\/forestgreen-narwhal-999138.hostingersite.com\/?page_id=38"},"modified":"2025-03-26T23:25:19","modified_gmt":"2025-03-26T23:25:19","slug":"planes-de-comidas","status":"publish","type":"page","link":"https:\/\/parquemaniacos.es\/disneymaniacos\/planes-de-comidas\/","title":{"rendered":"Planes de comidas"},"content":{"rendered":"\n<p>Si te alojas en un hotel de Disneyland Paris, puedes contratar un plan de comidas.<br><br>\u00bfC\u00f3mo funciona?<br><br>1\u00ba &#8211; Elige si quieres contratar 1 (desayuno), 2 (media pensi\u00f3n) o 3 comidas al d\u00eda\/persona (pensi\u00f3n completa).<br><br>2\u00ba &#8211; Elige una opci\u00f3n seg\u00fan el hotel en el que te alojes. Si eliges un plan de comidas de media pensi\u00f3n o pensi\u00f3n completa, puedes elegir la opci\u00f3n Standard, Plus, Extra Plus (solo con Pensi\u00f3n Completa) o Premium, dependiendo del Hotel Disney en el que est\u00e9s alojado.<br><br>3\u00ba &#8211; Reserva mesa desde la App en los restaurantes.<br><br>4\u00ba &#8211; Cuando est\u00e9s en Disneyland Paris, podr\u00e1s canjear los cupones que tendr\u00e1s cargados en tu Magic Pass. El n\u00famero de cupones del plan de comidas se calcula dependiendo del n\u00famero de noches que tengas reservadas.<\/p>\n\n\n\n<p>\u00bfQu\u00e9 opciones existen?<br><br>\u00b7 <strong>Standard.<\/strong> Puedes escoger est\u00e1 opci\u00f3n si est\u00e1s alojado en los hoteles Davy Crockett Ranch y Santa Fe. Podr\u00e1s elegir restaurantes de buffet libre y servicio de mesa. No incluye comidas con personajes Disney. Precios: desde 30 \u20ac por ni\u00f1o (de 3 a 11 a\u00f1os) y\u2028desde 55 \u20ac por adulto\/noche para media pensi\u00f3n.<br>Escogiendo esta opci\u00f3n con pensi\u00f3n completa, tienes que hacer obligatoriamente una comida al d\u00eda (la comida o la cena) en un restaurante de comida r\u00e1pida.<br><br>\u00b7 <strong>Plus.<\/strong> Puedes escoger est\u00e1 opci\u00f3n si est\u00e1s alojado en los hoteles Cheyenne, Sequoia Lodge, Newport Bay Club o New York &#8211; The Art of Marvel. Si est\u00e1s alojado en el hotel Davy Crockett Ranch o Santa Fe, puedes pasarte a la opci\u00f3n Plus si reservas un plan de comidas con pensi\u00f3n completa.<br>Podr\u00e1s elegir restaurantes de buffet libre y servicio de mesa. No incluye comidas con personajes Disney.<br>Precios: desde 40 \u20ac por ni\u00f1o (de 3 a 11 a\u00f1os) y\u2028desde 65 \u20ac por adulto\/noche para media pensi\u00f3n. <\/p>\n\n\n\n<p>\u00b7 <strong>Premium.<\/strong> Puedes escoger est\u00e1 opci\u00f3n si est\u00e1s alojado en el Disneyland Hotel. Es la opci\u00f3n con mayor  selecci\u00f3n de restaurantes, incluidos restaurantes que ofrecen comidas con personajes Disney. Puedes canjear todos los vales de comidas que quieras por comidas o cenas con Personajes Disney (limitado al n\u00famero de cupones que tengas disponibles en tu plan de comidas).<br>Precios: desde 70 \u20ac por ni\u00f1o (de 3 a 11 a\u00f1os)\u2028y desde 125 \u20ac por adulto\/noche para media pensi\u00f3n.<\/p>\n\n\n\n<p>\u00b7 <strong>Extra Plus.<\/strong> Puedes escoger est\u00e1 opci\u00f3n si est\u00e1s alojado en todos los hoteles Disney, excepto en Disneyland Hotel. Incluye 1 cup\u00f3n de comida por estancia para una comida o cena con personajes Disney. Los snacks y bebidas Extra Plus est\u00e1n incluidos.<br>Precios: desde 80 \u20ac por ni\u00f1o (de 3 a 11 a\u00f1os)\u2028y desde 150 \u20ac por adulto\/noche para Pensi\u00f3n Completa.<br>La opci\u00f3n Extra Plus solo est\u00e1 disponible para planes de comidas con pensi\u00f3n completa y llegadas a partir del 1 de abril de 2025.<br><br>Si has reservado tu estancia a trav\u00e9s de una agencia de viajes o un tercero, deber\u00e1s contactar con ellos para obtener m\u00e1s informaci\u00f3n sobre tu plan de comidas.<br><\/p>\n","protected":false},"excerpt":{"rendered":"<p>Si te alojas en un hotel de Disneyland Paris, puedes contratar un plan de comidas. \u00bfC\u00f3mo funciona? 1\u00ba &#8211; Elige si quieres contratar 1 (desayuno), 2 (media pensi\u00f3n) o 3 comidas al d\u00eda\/persona (pensi\u00f3n completa). 2\u00ba &#8211; Elige una opci\u00f3n seg\u00fan el hotel en el que te alojes. Si eliges un plan de comidas de [&hellip;]<\/p>\n","protected":false},"author":1,"featured_media":0,"parent":0,"menu_order":0,"comment_status":"closed","ping_status":"closed","template":"","meta":{"saved_in_kubio":false,"_surecart_dashboard_logo_width":"180px","_surecart_dashboard_show_logo":true,"_surecart_dashboard_navigation_orders":true,"_surecart_dashboard_navigation_invoices":true,"_surecart_dashboard_navigation_subscriptions":true,"_surecart_dashboard_navigation_downloads":true,"_surecart_dashboard_navigation_billing":true,"_surecart_dashboard_navigation_account":true,"_uag_custom_page_level_css":"","footnotes":""},"class_list":["post-38","page","type-page","status-publish","hentry"],"aioseo_notices":[],"kubio_ai_page_context":{"short_desc":"","purpose":"general"},"uagb_featured_image_src":{"full":false,"thumbnail":false,"medium":false,"medium_large":false,"large":false,"1536x1536":false,"2048x2048":false,"kubio-fullhd":false,"woocommerce_thumbnail":false,"woocommerce_single":false,"woocommerce_gallery_thumbnail":false},"uagb_author_info":{"display_name":"Parquemaniacos","author_link":"https:\/\/parquemaniacos.es\/disneymaniacos\/author\/disneymaniacosporelmundogmail-com\/"},"uagb_comment_info":0,"uagb_excerpt":"Si te alojas en un hotel de Disneyland Paris, puedes contratar un plan de comidas. \u00bfC\u00f3mo funciona? 1\u00ba &#8211; Elige si quieres contratar 1 (desayuno), 2 (media pensi\u00f3n) o 3 comidas al d\u00eda\/persona (pensi\u00f3n completa). 2\u00ba &#8211; Elige una opci\u00f3n seg\u00fan el hotel en el que te alojes. Si eliges un plan de comidas de&hellip;","_links":{"self":[{"href":"https:\/\/parquemaniacos.es\/disneymaniacos\/wp-json\/wp\/v2\/pages\/38","targetHints":{"allow":["GET"]}}],"collection":[{"href":"https:\/\/parquemaniacos.es\/disneymaniacos\/wp-json\/wp\/v2\/pages"}],"about":[{"href":"https:\/\/parquemaniacos.es\/disneymaniacos\/wp-json\/wp\/v2\/types\/page"}],"author":[{"embeddable":true,"href":"https:\/\/parquemaniacos.es\/disneymaniacos\/wp-json\/wp\/v2\/users\/1"}],"replies":[{"embeddable":true,"href":"https:\/\/parquemaniacos.es\/disneymaniacos\/wp-json\/wp\/v2\/comments?post=38"}],"version-history":[{"count":4,"href":"https:\/\/parquemaniacos.es\/disneymaniacos\/wp-json\/wp\/v2\/pages\/38\/revisions"}],"predecessor-version":[{"id":97,"href":"https:\/\/parquemaniacos.es\/disneymaniacos\/wp-json\/wp\/v2\/pages\/38\/revisions\/97"}],"wp:attachment":[{"href":"https:\/\/parquemaniacos.es\/disneymaniacos\/wp-json\/wp\/v2\/media?parent=38"}],"curies":[{"name":"wp","href":"https:\/\/api.w.org\/{rel}","templated":true}]}}