{"id":37,"date":"2025-03-26T00:09:50","date_gmt":"2025-03-26T00:09:50","guid":{"rendered":"https:\/\/forestgreen-narwhal-999138.hostingersite.com\/?page_id=37"},"modified":"2025-03-30T23:26:43","modified_gmt":"2025-03-30T23:26:43","slug":"donde-comer","status":"publish","type":"page","link":"https:\/\/parquemaniacos.es\/disneymaniacos\/donde-comer\/","title":{"rendered":"\u00bfD\u00f3nde comer?"},"content":{"rendered":"\n<p class=\"has-black-color has-text-color has-link-color wp-elements-176600299a434c123e61fdfb9639d674\">En Disneyland Par\u00eds pod\u00e9is encontrar restaurantes ambientados en los universos de Disney, Pixar y MARVEL, con sabores de todo el mundo y men\u00fas para todos los bolsillos&#8230; <\/p>\n\n\n\n<p>Existen 5 opciones:<br><strong>\u00b7 Restaurante con servicio de mesa:<\/strong> si\u00e9ntate y disfruta de magn\u00edficos platos. (Reserva online)<br><strong>\u00b7 Buffet libre:<\/strong> la mejor opci\u00f3n para probar un poco de todo. (Reserva online)<br><strong>\u00b7 Restaurante de comida r\u00e1pida:<\/strong> Pide en el mostrador, busca una mesa libre y disfruta de una pizza, un plato de pasta&#8230; (Sin reserva)<br><strong>\u00b7 Con personajes:<\/strong> Disfruta de un rico desayuno, comida o cena acompa\u00f1ado de los personajes Disney.<br><strong>\u00b7 Comida para llevar:<\/strong> disfruta de unos dulces, snacks, helados&#8230; que te encontrar\u00e1s en diferentes rincones de los parques.<\/p>\n\n\n\n<p>Los restaurantes con servicio de mesa y buffet libre est\u00e1n muy solicitados, as\u00ed que os recomendamos que no tard\u00e9is en reservar (en cuanto reserves tu estancia en un Hotel Disney o con 2 meses de antelaci\u00f3n para el resto de visitantes).<\/p>\n\n\n\n<p>Recomendamos descargar la App, ya que desde ella podr\u00e1s:<br>\u00b7 Consultar la carta de comidas y bebidas<br>\u00b7 Reservar mesa en un restaurante con antelaci\u00f3n<br>\u00b7 Reservar comida con antelaci\u00f3n el d\u00eda de tu visita y recogerla m\u00e1s tarde<br>\u00b7 Encontrar los restaurantes con ayuda del mapa interactivo<\/p>\n\n\n\n<p><strong>\u00bfQu\u00e9 tipo de comida encontrar\u00e1s en Disneyland Paris?<\/strong><br><br>Nos ofrecen una experiencia para todos los gustos, con productos de calidad, infinidad de sabores, productos caseros, ecol\u00f3gicos y men\u00fas infantiles.<br>Tambi\u00e9n ofrecen una variedad de platos para visitantes con necesidades diet\u00e9ticas especiales, como vegetarianos, veganos, halal, kosher y platos sin los al\u00e9rgenos m\u00e1s comunes. Para este tipo de cuestiones, puedes solicitar la carta de al\u00e9rgenos a la entrada de cada restaurante.<\/p>\n","protected":false},"excerpt":{"rendered":"<p>En Disneyland Par\u00eds pod\u00e9is encontrar restaurantes ambientados en los universos de Disney, Pixar y MARVEL, con sabores de todo el mundo y men\u00fas para todos los bolsillos&#8230; Existen 5 opciones:\u00b7 Restaurante con servicio de mesa: si\u00e9ntate y disfruta de magn\u00edficos platos. (Reserva online)\u00b7 Buffet libre: la mejor opci\u00f3n para probar un poco de todo. (Reserva [&hellip;]<\/p>\n","protected":false},"author":1,"featured_media":0,"parent":0,"menu_order":0,"comment_status":"closed","ping_status":"closed","template":"","meta":{"saved_in_kubio":false,"_surecart_dashboard_logo_width":"180px","_surecart_dashboard_show_logo":true,"_surecart_dashboard_navigation_orders":true,"_surecart_dashboard_navigation_invoices":true,"_surecart_dashboard_navigation_subscriptions":true,"_surecart_dashboard_navigation_downloads":true,"_surecart_dashboard_navigation_billing":true,"_surecart_dashboard_navigation_account":true,"_uag_custom_page_level_css":"","footnotes":""},"class_list":["post-37","page","type-page","status-publish","hentry"],"aioseo_notices":[],"kubio_ai_page_context":{"short_desc":"","purpose":"general"},"uagb_featured_image_src":{"full":false,"thumbnail":false,"medium":false,"medium_large":false,"large":false,"1536x1536":false,"2048x2048":false,"kubio-fullhd":false,"woocommerce_thumbnail":false,"woocommerce_single":false,"woocommerce_gallery_thumbnail":false},"uagb_author_info":{"display_name":"Parquemaniacos","author_link":"https:\/\/parquemaniacos.es\/disneymaniacos\/author\/disneymaniacosporelmundogmail-com\/"},"uagb_comment_info":0,"uagb_excerpt":"En Disneyland Par\u00eds pod\u00e9is encontrar restaurantes ambientados en los universos de Disney, Pixar y MARVEL, con sabores de todo el mundo y men\u00fas para todos los bolsillos&#8230; Existen 5 opciones:\u00b7 Restaurante con servicio de mesa: si\u00e9ntate y disfruta de magn\u00edficos platos. (Reserva online)\u00b7 Buffet libre: la mejor opci\u00f3n para probar un poco de todo. (Reserva&hellip;","_links":{"self":[{"href":"https:\/\/parquemaniacos.es\/disneymaniacos\/wp-json\/wp\/v2\/pages\/37","targetHints":{"allow":["GET"]}}],"collection":[{"href":"https:\/\/parquemaniacos.es\/disneymaniacos\/wp-json\/wp\/v2\/pages"}],"about":[{"href":"https:\/\/parquemaniacos.es\/disneymaniacos\/wp-json\/wp\/v2\/types\/page"}],"author":[{"embeddable":true,"href":"https:\/\/parquemaniacos.es\/disneymaniacos\/wp-json\/wp\/v2\/users\/1"}],"replies":[{"embeddable":true,"href":"https:\/\/parquemaniacos.es\/disneymaniacos\/wp-json\/wp\/v2\/comments?post=37"}],"version-history":[{"count":5,"href":"https:\/\/parquemaniacos.es\/disneymaniacos\/wp-json\/wp\/v2\/pages\/37\/revisions"}],"predecessor-version":[{"id":1525,"href":"https:\/\/parquemaniacos.es\/disneymaniacos\/wp-json\/wp\/v2\/pages\/37\/revisions\/1525"}],"wp:attachment":[{"href":"https:\/\/parquemaniacos.es\/disneymaniacos\/wp-json\/wp\/v2\/media?parent=37"}],"curies":[{"name":"wp","href":"https:\/\/api.w.org\/{rel}","templated":true}]}}