{"id":17,"date":"2025-03-25T22:50:36","date_gmt":"2025-03-25T22:50:36","guid":{"rendered":"https:\/\/forestgreen-narwhal-999138.hostingersite.com\/?page_id=17"},"modified":"2025-03-30T23:20:00","modified_gmt":"2025-03-30T23:20:00","slug":"universo-disney","status":"publish","type":"page","link":"https:\/\/parquemaniacos.es\/disneymaniacos\/universo-disney\/","title":{"rendered":"Universo Disney"},"content":{"rendered":"\n<p>El universo Disney es un mundo m\u00e1gico que ha cautivado a generaciones enteras. Desde sus ic\u00f3nicas pel\u00edculas animadas hasta sus emocionantes parques tem\u00e1ticos, Disney ofrece una experiencia inolvidable para personas de todas las edades. Estas con algunas de las cosas que hablaremos en nuestra web y redes sociales.<\/p>\n\n\n\n<p><strong>Pel\u00edculas Disney: cl\u00e1sicos atemporales y nuevas aventuras<\/strong><\/p>\n\n\n\n<p>Las pel\u00edculas Disney son el coraz\u00f3n de este universo m\u00e1gico. Desde cl\u00e1sicos como \u00abBlancanieves y los siete enanitos\u00bb y \u00abEl Rey Le\u00f3n\u00bb hasta \u00e9xitos modernos como \u00abFrozen\u00bb y \u00abVaiana\u00bb, Disney ha creado historias que inspiran, emocionan y dejan una huella imborrable.<\/p>\n\n\n\n<p><strong>Parques Disney: donde la magia cobra vida<\/strong><\/p>\n\n\n\n<p>Los parques Disney son destinos de ensue\u00f1o que transportan a los visitantes a los mundos de sus pel\u00edculas favoritas. Con atracciones emocionantes, espect\u00e1culos deslumbrantes y la oportunidad de conocer a los personajes m\u00e1s queridos, los parques Disney son una experiencia m\u00e1gica en s\u00ed mismos.<\/p>\n\n\n\n<p><strong>M\u00fasica Disney: melod\u00edas que perduran en el tiempo<\/strong><\/p>\n\n\n\n<p>La m\u00fasica de Disney es parte fundamental de su magia. Desde las pegadizas canciones de \u00abLa Sirenita\u00bb hasta las emotivas melod\u00edas de \u00abCoco\u00bb, las bandas sonoras de Disney han dejado una marca inborrable en la cultura popular.<\/p>\n\n\n\n<p><strong>Merchandising Disney: lleva la magia contigo<\/strong><\/p>\n\n\n\n<p>El merchandising de Disney permite a los fan\u00e1ticos llevar un pedacito de la magia a sus hogares. Desde peluches y juguetes hasta ropa y art\u00edculos de colecci\u00f3n, el merchandising de Disney es una forma de expresar el amor por este universo m\u00e1gico.<\/p>\n\n\n\n<p><strong>Disney+: el reino m\u00e1gico al alcance de tu mano<\/strong><\/p>\n\n\n\n<p>Con Disney+, el universo Disney est\u00e1 disponible en cualquier momento y lugar. Disfruta de pel\u00edculas, series, documentales y contenido exclusivo de Disney, Pixar, Marvel, Star Wars y National Geographic, todo en un solo lugar.<\/p>\n\n\n\n<p><strong>El legado de Walt Disney: un sue\u00f1o hecho realidad<\/strong><\/p>\n\n\n\n<p>El universo Disney es el legado de Walt Disney, un visionario que so\u00f1\u00f3 con crear un mundo de fantas\u00eda y entretenimiento para todos. Su legado perdura en cada pel\u00edcula, parque y producto que lleva el sello Disney.<\/p>\n","protected":false},"excerpt":{"rendered":"<p>El universo Disney es un mundo m\u00e1gico que ha cautivado a generaciones enteras. Desde sus ic\u00f3nicas pel\u00edculas animadas hasta sus emocionantes parques tem\u00e1ticos, Disney ofrece una experiencia inolvidable para personas de todas las edades. Estas con algunas de las cosas que hablaremos en nuestra web y redes sociales. Pel\u00edculas Disney: cl\u00e1sicos atemporales y nuevas aventuras [&hellip;]<\/p>\n","protected":false},"author":1,"featured_media":0,"parent":0,"menu_order":0,"comment_status":"closed","ping_status":"closed","template":"","meta":{"saved_in_kubio":false,"_surecart_dashboard_logo_width":"180px","_surecart_dashboard_show_logo":true,"_surecart_dashboard_navigation_orders":true,"_surecart_dashboard_navigation_invoices":true,"_surecart_dashboard_navigation_subscriptions":true,"_surecart_dashboard_navigation_downloads":true,"_surecart_dashboard_navigation_billing":true,"_surecart_dashboard_navigation_account":true,"_uag_custom_page_level_css":"","footnotes":""},"class_list":["post-17","page","type-page","status-publish","hentry"],"aioseo_notices":[],"kubio_ai_page_context":{"short_desc":"","purpose":"general"},"uagb_featured_image_src":{"full":false,"thumbnail":false,"medium":false,"medium_large":false,"large":false,"1536x1536":false,"2048x2048":false,"kubio-fullhd":false,"woocommerce_thumbnail":false,"woocommerce_single":false,"woocommerce_gallery_thumbnail":false},"uagb_author_info":{"display_name":"Parquemaniacos","author_link":"https:\/\/parquemaniacos.es\/disneymaniacos\/author\/disneymaniacosporelmundogmail-com\/"},"uagb_comment_info":0,"uagb_excerpt":"El universo Disney es un mundo m\u00e1gico que ha cautivado a generaciones enteras. Desde sus ic\u00f3nicas pel\u00edculas animadas hasta sus emocionantes parques tem\u00e1ticos, Disney ofrece una experiencia inolvidable para personas de todas las edades. Estas con algunas de las cosas que hablaremos en nuestra web y redes sociales. Pel\u00edculas Disney: cl\u00e1sicos atemporales y nuevas aventuras&hellip;","_links":{"self":[{"href":"https:\/\/parquemaniacos.es\/disneymaniacos\/wp-json\/wp\/v2\/pages\/17","targetHints":{"allow":["GET"]}}],"collection":[{"href":"https:\/\/parquemaniacos.es\/disneymaniacos\/wp-json\/wp\/v2\/pages"}],"about":[{"href":"https:\/\/parquemaniacos.es\/disneymaniacos\/wp-json\/wp\/v2\/types\/page"}],"author":[{"embeddable":true,"href":"https:\/\/parquemaniacos.es\/disneymaniacos\/wp-json\/wp\/v2\/users\/1"}],"replies":[{"embeddable":true,"href":"https:\/\/parquemaniacos.es\/disneymaniacos\/wp-json\/wp\/v2\/comments?post=17"}],"version-history":[{"count":3,"href":"https:\/\/parquemaniacos.es\/disneymaniacos\/wp-json\/wp\/v2\/pages\/17\/revisions"}],"predecessor-version":[{"id":1521,"href":"https:\/\/parquemaniacos.es\/disneymaniacos\/wp-json\/wp\/v2\/pages\/17\/revisions\/1521"}],"wp:attachment":[{"href":"https:\/\/parquemaniacos.es\/disneymaniacos\/wp-json\/wp\/v2\/media?parent=17"}],"curies":[{"name":"wp","href":"https:\/\/api.w.org\/{rel}","templated":true}]}}