{"id":1687,"date":"2025-06-26T14:00:49","date_gmt":"2025-06-26T14:00:49","guid":{"rendered":"https:\/\/parquemaniacos.es\/disneymaniacos\/?page_id=1687"},"modified":"2025-06-26T14:00:50","modified_gmt":"2025-06-26T14:00:50","slug":"aviso-legal","status":"publish","type":"page","link":"https:\/\/parquemaniacos.es\/disneymaniacos\/aviso-legal\/","title":{"rendered":"AVISO LEGAL"},"content":{"rendered":"\n<p>A continuaci\u00f3n, se presenta el Aviso Legal de www.parquemaniacos.es, un espacio dedicado a los entusiastas de los parques tem\u00e1ticos, con el objetivo de ofrecer informaci\u00f3n relevante y \u00fatil, as\u00ed como facilitar la interacci\u00f3n entre usuarios.<\/p>\n\n\n\n<p><strong>1. Datos Identificativos<\/strong><\/p>\n\n\n\n<p>En cumplimiento del deber de informaci\u00f3n estipulado en el art\u00edculo 10 de la Ley 34\/2002, de 11 de julio, de Servicios de la Sociedad de la Informaci\u00f3n y del Comercio Electr\u00f3nico (LSSI-CE), se informa de que el titular de www.parquemaniacos.es (en adelante, \u00abel sitio web\u00bb) es:<\/p>\n\n\n\n<ul class=\"wp-block-list\">\n<li><strong>Nombre del titular:<\/strong> I\u00f1igo Mangas Insausti<\/li>\n\n\n\n<li><strong>NIF\/CIF:<\/strong> 15259040N<\/li>\n\n\n\n<li><strong>Sitio web:<\/strong> www.parquemaniacos.es<\/li>\n\n\n\n<li><strong>Correo electr\u00f3nico de contacto:<\/strong> hola@parquemaniacos.es<\/li>\n<\/ul>\n\n\n\n<p><strong>2. Objeto<\/strong><\/p>\n\n\n\n<p>El presente Aviso Legal regula el acceso y el uso del sitio web, incluyendo los contenidos y servicios puestos a disposici\u00f3n de los usuarios. El acceso y la navegaci\u00f3n por el sitio web implican la aceptaci\u00f3n sin reservas de todas las disposiciones incluidas en este Aviso Legal.<\/p>\n\n\n\n<p><strong>3. Propiedad Intelectual e Industrial<\/strong><\/p>\n\n\n\n<p>Parquemaniacos.es, incluyendo a t\u00edtulo enunciativo pero no limitativo su programaci\u00f3n, edici\u00f3n, compilaci\u00f3n y dem\u00e1s elementos necesarios para su funcionamiento, los dise\u00f1os, logotipos, texto y\/o gr\u00e1ficos, son propiedad de Parquemaniacos.es o, en su caso, dispone de licencia o autorizaci\u00f3n expresa por parte de los autores. Todos los contenidos del sitio web se encuentran debidamente protegidos por la normativa de propiedad intelectual e industrial, as\u00ed como inscritos en los registros p\u00fablicos correspondientes.<\/p>\n\n\n\n<p>Independientemente de la finalidad para la que fueran destinados, la reproducci\u00f3n total o parcial, uso, explotaci\u00f3n, distribuci\u00f3n y comercializaci\u00f3n, requiere en todo caso la autorizaci\u00f3n escrita previa por parte de Parquemaniacos.es. Cualquier uso no autorizado previamente se considera un incumplimiento grave de los derechos de propiedad intelectual o industrial del autor.<\/p>\n\n\n\n<p>Los dise\u00f1os, logotipos, texto y\/o gr\u00e1ficos ajenos al prestador y que pudieran aparecer en el sitio web, pertenecen a sus respectivos propietarios, siendo ellos mismos responsables de cualquier posible controversia que pudiera suscitarse respecto a los mismos.<\/p>\n\n\n\n<p><strong>4. Uso del Sitio Web<\/strong><\/p>\n\n\n\n<p>El usuario se compromete a hacer un uso adecuado y l\u00edcito del sitio web y de los contenidos y servicios ofrecidos, de conformidad con la legislaci\u00f3n aplicable, el presente Aviso Legal, la moral y las buenas costumbres generalmente aceptadas y el orden p\u00fablico.<\/p>\n\n\n\n<p>Queda prohibido:<\/p>\n\n\n\n<ul class=\"wp-block-list\">\n<li>El uso no autorizado o fraudulento del sitio web y\/o de los contenidos con fines o efectos il\u00edcitos, lesivos de los derechos e intereses de terceros, o que de cualquier forma puedan da\u00f1ar, inutilizar, sobrecargar, deteriorar o impedir la normal utilizaci\u00f3n de los servicios o los documentos, archivos y toda clase de contenidos almacenados en cualquier equipo inform\u00e1tico.<\/li>\n\n\n\n<li>Introducir o difundir en la red virus inform\u00e1ticos o cualesquiera otros sistemas f\u00edsicos o l\u00f3gicos que sean susceptibles de provocar da\u00f1os en los sistemas f\u00edsicos o l\u00f3gicos del titular del sitio web, de sus proveedores o de terceros.<\/li>\n\n\n\n<li>Intentar acceder, utilizar y\/o manipular los datos del titular, terceros proveedores y otros usuarios.<\/li>\n<\/ul>\n\n\n\n<p><strong>5. Exclusi\u00f3n de Garant\u00edas y Responsabilidad<\/strong><\/p>\n\n\n\n<p>El titular del sitio web no se hace responsable, en ning\u00fan caso, de los da\u00f1os y perjuicios de cualquier naturaleza que pudieran ocasionar, a t\u00edtulo enunciativo: errores u omisiones en los contenidos, falta de disponibilidad del portal o la transmisi\u00f3n de virus o programas maliciosos o lesivos en los contenidos, a pesar de haber adoptado todas las medidas tecnol\u00f3gicas necesarias para evitarlo.<\/p>\n\n\n\n<p><strong>6. Modificaciones<\/strong><\/p>\n\n\n\n<p>El titular del sitio web se reserva el derecho de efectuar sin previo aviso las modificaciones que considere oportunas en su sitio web, pudiendo cambiar, suprimir o a\u00f1adir tanto los contenidos y servicios que se presten a trav\u00e9s de la misma como la forma en la que \u00e9stos aparezcan presentados o localizados en su sitio web.<\/p>\n\n\n\n<p><strong>7. Enlaces<\/strong><\/p>\n\n\n\n<p>En el caso de que en www.parquemaniacos.es se incluyesen enlaces o hiperv\u00ednculos hacia otros sitios de Internet, el titular del sitio web no ejercer\u00e1 ning\u00fan tipo de control sobre dichos sitios y contenidos. En ning\u00fan caso el titular asumir\u00e1 responsabilidad alguna por los contenidos de alg\u00fan enlace perteneciente a un sitio web ajeno, ni garantizar\u00e1 la disponibilidad t\u00e9cnica, calidad, fiabilidad, exactitud, amplitud, veracidad, validez y constitucionalidad de cualquier material o informaci\u00f3n contenida en ninguno de dichos hiperv\u00ednculos u otros sitios de Internet.<\/p>\n\n\n\n<p>Igualmente, la inclusi\u00f3n de estas conexiones externas no implicar\u00e1 ning\u00fan tipo de asociaci\u00f3n, fusi\u00f3n o participaci\u00f3n con las entidades conectadas.<\/p>\n\n\n\n<p><strong>8. Derecho de Exclusi\u00f3n<\/strong><\/p>\n\n\n\n<p>El titular del sitio web se reserva el derecho a denegar o retirar el acceso al portal y\/o los servicios ofrecidos sin necesidad de preaviso, a instancia propia o de un tercero, a aquellos usuarios que incumplan el presente Aviso Legal.<\/p>\n\n\n\n<p><strong>9. Generalidades<\/strong><\/p>\n\n\n\n<p>El incumplimiento de las presentes condiciones, as\u00ed como cualquier utilizaci\u00f3n indebida de su portal, ser\u00e1 perseguida ejerciendo todas las acciones civiles y penales que le puedan corresponder en derecho.<\/p>\n\n\n\n<p><strong>10. Modificaci\u00f3n de las Presentes Condiciones y Duraci\u00f3n<\/strong><\/p>\n\n\n\n<p>El titular del sitio web podr\u00e1 modificar en cualquier momento las condiciones aqu\u00ed determinadas, siendo debidamente publicadas como aqu\u00ed aparecen. La vigencia de las citadas condiciones ir\u00e1 en funci\u00f3n de su exposici\u00f3n y estar\u00e1n vigentes hasta que sean modificadas por otras debidamente publicadas.<\/p>\n\n\n\n<p><strong>11. Legislaci\u00f3n Aplicable y Jurisdicci\u00f3n<\/strong><\/p>\n\n\n\n<p>Para la resoluci\u00f3n de todas las controversias o cuestiones relacionadas con el presente sitio web o de las actividades en \u00e9l desarrolladas, ser\u00e1 de aplicaci\u00f3n la legislaci\u00f3n espa\u00f1ola, a la que se someten expresamente las partes, siendo competentes para la resoluci\u00f3n de todos los conflictos derivados o relacionados con su uso los Juzgados y Tribunales de Espa\u00f1a.<\/p>\n\n\n\n<p><\/p>\n","protected":false},"excerpt":{"rendered":"<p>A continuaci\u00f3n, se presenta el Aviso Legal de www.parquemaniacos.es, un espacio dedicado a los entusiastas de los parques tem\u00e1ticos, con el objetivo de ofrecer informaci\u00f3n relevante y \u00fatil, as\u00ed como facilitar la interacci\u00f3n entre usuarios. 1. Datos Identificativos En cumplimiento del deber de informaci\u00f3n estipulado en el art\u00edculo 10 de la Ley 34\/2002, de 11 [&hellip;]<\/p>\n","protected":false},"author":1,"featured_media":0,"parent":0,"menu_order":0,"comment_status":"closed","ping_status":"closed","template":"","meta":{"saved_in_kubio":false,"_surecart_dashboard_logo_width":"180px","_surecart_dashboard_show_logo":true,"_surecart_dashboard_navigation_orders":true,"_surecart_dashboard_navigation_invoices":true,"_surecart_dashboard_navigation_subscriptions":true,"_surecart_dashboard_navigation_downloads":true,"_surecart_dashboard_navigation_billing":true,"_surecart_dashboard_navigation_account":true,"_uag_custom_page_level_css":"","footnotes":""},"class_list":["post-1687","page","type-page","status-publish","hentry"],"aioseo_notices":[],"kubio_ai_page_context":{"short_desc":"","purpose":"general"},"uagb_featured_image_src":{"full":false,"thumbnail":false,"medium":false,"medium_large":false,"large":false,"1536x1536":false,"2048x2048":false,"kubio-fullhd":false,"woocommerce_thumbnail":false,"woocommerce_single":false,"woocommerce_gallery_thumbnail":false},"uagb_author_info":{"display_name":"Parquemaniacos","author_link":"https:\/\/parquemaniacos.es\/disneymaniacos\/author\/disneymaniacosporelmundogmail-com\/"},"uagb_comment_info":0,"uagb_excerpt":"A continuaci\u00f3n, se presenta el Aviso Legal de www.parquemaniacos.es, un espacio dedicado a los entusiastas de los parques tem\u00e1ticos, con el objetivo de ofrecer informaci\u00f3n relevante y \u00fatil, as\u00ed como facilitar la interacci\u00f3n entre usuarios. 1. Datos Identificativos En cumplimiento del deber de informaci\u00f3n estipulado en el art\u00edculo 10 de la Ley 34\/2002, de 11&hellip;","_links":{"self":[{"href":"https:\/\/parquemaniacos.es\/disneymaniacos\/wp-json\/wp\/v2\/pages\/1687","targetHints":{"allow":["GET"]}}],"collection":[{"href":"https:\/\/parquemaniacos.es\/disneymaniacos\/wp-json\/wp\/v2\/pages"}],"about":[{"href":"https:\/\/parquemaniacos.es\/disneymaniacos\/wp-json\/wp\/v2\/types\/page"}],"author":[{"embeddable":true,"href":"https:\/\/parquemaniacos.es\/disneymaniacos\/wp-json\/wp\/v2\/users\/1"}],"replies":[{"embeddable":true,"href":"https:\/\/parquemaniacos.es\/disneymaniacos\/wp-json\/wp\/v2\/comments?post=1687"}],"version-history":[{"count":1,"href":"https:\/\/parquemaniacos.es\/disneymaniacos\/wp-json\/wp\/v2\/pages\/1687\/revisions"}],"predecessor-version":[{"id":1688,"href":"https:\/\/parquemaniacos.es\/disneymaniacos\/wp-json\/wp\/v2\/pages\/1687\/revisions\/1688"}],"wp:attachment":[{"href":"https:\/\/parquemaniacos.es\/disneymaniacos\/wp-json\/wp\/v2\/media?parent=1687"}],"curies":[{"name":"wp","href":"https:\/\/api.w.org\/{rel}","templated":true}]}}