{"id":1485,"date":"2025-03-30T22:17:41","date_gmt":"2025-03-30T22:17:41","guid":{"rendered":"https:\/\/parquemaniacos.es\/disneymaniacos\/?page_id=1485"},"modified":"2025-07-14T16:04:59","modified_gmt":"2025-07-14T16:04:59","slug":"donde-comer-en-port-aventura","status":"publish","type":"page","link":"https:\/\/parquemaniacos.es\/disneymaniacos\/donde-comer-en-port-aventura\/","title":{"rendered":"\u00bfD\u00f3nde comer en Port Aventura?"},"content":{"rendered":"\n<p>En PortAventura World, la diversi\u00f3n no solo est\u00e1 en las atracciones, \u00a1tambi\u00e9n en su deliciosa oferta gastron\u00f3mica! Desde platos mediterr\u00e1neos hasta sabores ex\u00f3ticos, aqu\u00ed encontrar\u00e1s opciones para todos los paladares y presupuestos.<\/p>\n\n\n\n<p><strong>Restaurantes en PortAventura Park:<\/strong><\/p>\n\n\n\n<ul class=\"wp-block-list\">\n<li><strong>Mediterr\u00e0nia:<\/strong>\n<ul class=\"wp-block-list\">\n<li><strong>Rac\u00f3 de Mar:<\/strong> Disfruta de la aut\u00e9ntica cocina mediterr\u00e1nea con especialidades en pescados y arroces. Rango de precios medio-alto.<\/li>\n\n\n\n<li><strong>Vinosfera:<\/strong> Restaurante con servicio de mesa donde degustar platos mediterr\u00e1neos y gran variedad de vinos. Rango de precios medio-alto.<\/li>\n<\/ul>\n<\/li>\n\n\n\n<li><strong>Far West:<\/strong>\n<ul class=\"wp-block-list\">\n<li><strong>The Iron Horse:<\/strong> Sum\u00e9rgete en el Lejano Oeste con suculentas carnes a la parrilla y platos t\u00edpicos americanos. Rango de precios medio-alto.<\/li>\n\n\n\n<li><strong>Long Branch Saloon:<\/strong> Tapas, cervezas y refrescos. Rango de precios medio.<\/li>\n\n\n\n<li><strong>Jeremias&#8217; Food:<\/strong> Autoservicio con ensaladas, pescado, hamburguesas, pollo a la brasa y patatas fritas. Rango de precios medio.<\/li>\n\n\n\n<li><strong>The Old Steak House:<\/strong> Autoservicio con gran variedad de carnes. Rango de precios medio.<\/li>\n<\/ul>\n<\/li>\n\n\n\n<li><strong>M\u00e9xico:<\/strong>\n<ul class=\"wp-block-list\">\n<li><strong>La Hacienda:<\/strong> Saborea la aut\u00e9ntica comida mexicana con fajitas, burritos y nachos. Rango de precios medio-alto.<\/li>\n\n\n\n<li><strong>La Cantina:<\/strong> Autoservicio con comida mexicana. Rango de precios medio.<\/li>\n<\/ul>\n<\/li>\n\n\n\n<li><strong>China:<\/strong>\n<ul class=\"wp-block-list\">\n<li><strong>Marco Polo:<\/strong> Del\u00e9itate con un buffet libre de cocina asi\u00e1tica con gran variedad de platos. Rango de precios medio-alto.<\/li>\n\n\n\n<li><strong>Cant\u00f3n:<\/strong> Autoservicio con comida asi\u00e1tica. Rango de precios medio.<\/li>\n\n\n\n<li><strong>Sichuan:<\/strong> Autoservicio con comida asi\u00e1tica. Rango de precios medio.<\/li>\n<\/ul>\n<\/li>\n\n\n\n<li><strong>Polynesia:<\/strong>\n<ul class=\"wp-block-list\">\n<li><strong>Bora Bora:<\/strong> Autoservicio donde degustar ensaladas, pescado, hamburguesas, pollo a la brasa y patatas fritas. Rango de precios medio.<\/li>\n<\/ul>\n<\/li>\n\n\n\n<li><strong>S\u00e9samoAventura:<\/strong>\n<ul class=\"wp-block-list\">\n<li><strong>La Cocina de Epi:<\/strong> Autoservicio con men\u00fas adaptados para los m\u00e1s peque\u00f1os. Rango de precios medio.<\/li>\n<\/ul>\n<\/li>\n<\/ul>\n\n\n\n<p><strong>Restaurantes en Ferrari Land:<\/strong><\/p>\n\n\n\n<ul class=\"wp-block-list\">\n<li><strong>Ristorante Cavallino:<\/strong> Disfruta de la aut\u00e9ntica cocina italiana con pizzas, pastas y deliciosos postres. Rango de precios medio-alto.<\/li>\n\n\n\n<li><strong>Pit-Lane:<\/strong> Autoservicio con comida italiana. Rango de precios medio.<\/li>\n<\/ul>\n\n\n\n<p><strong>Restaurantes en Caribe Aquatic Park:<\/strong><\/p>\n\n\n\n<ul class=\"wp-block-list\">\n<li><strong>Reggae Caf\u00e9:<\/strong> Autoservicio con ensaladas, pizzas, pollo, pescado, patatas fritas. Rango de precios medio.<\/li>\n\n\n\n<li><strong>Focacceria:<\/strong> Autoservicio. Rango de precios medio.<\/li>\n\n\n\n<li><strong>La Caba\u00f1a:<\/strong> Puesto de bocadillos y tacos. Rango de precios bajo.<\/li>\n\n\n\n<li><strong>The Surfer:<\/strong> Puesto de perritos, hamburguesas y ensaladas. Rango de precios bajo.<\/li>\n<\/ul>\n\n\n\n<p><strong>Hoteles de PortAventura World:<\/strong><\/p>\n\n\n\n<p>Los hoteles del resort tambi\u00e9n cuentan con una variada oferta gastron\u00f3mica, con restaurantes buffet y a la carta.<\/p>\n\n\n\n<p><strong>Consejos para tu visita:<\/strong><\/p>\n\n\n\n<ul class=\"wp-block-list\">\n<li>Consulta los horarios de apertura de los restaurantes.<\/li>\n\n\n\n<li>Considera reservar mesa en los restaurantes con servicio a la carta, especialmente en temporada alta.<\/li>\n\n\n\n<li>\u00a1No te pierdas los deliciosos postres y helados disponibles en todo el parque!<\/li>\n<\/ul>\n\n\n\n<p>\u00a1Prep\u00e1rate para una experiencia gastron\u00f3mica inolvidable en PortAventura World!<\/p>\n","protected":false},"excerpt":{"rendered":"<p>En PortAventura World, la diversi\u00f3n no solo est\u00e1 en las atracciones, \u00a1tambi\u00e9n en su deliciosa oferta gastron\u00f3mica! Desde platos mediterr\u00e1neos hasta sabores ex\u00f3ticos, aqu\u00ed encontrar\u00e1s opciones para todos los paladares y presupuestos. Restaurantes en PortAventura Park: Restaurantes en Ferrari Land: Restaurantes en Caribe Aquatic Park: Hoteles de PortAventura World: Los hoteles del resort tambi\u00e9n cuentan [&hellip;]<\/p>\n","protected":false},"author":1,"featured_media":0,"parent":0,"menu_order":0,"comment_status":"closed","ping_status":"closed","template":"","meta":{"saved_in_kubio":false,"_surecart_dashboard_logo_width":"180px","_surecart_dashboard_show_logo":true,"_surecart_dashboard_navigation_orders":true,"_surecart_dashboard_navigation_invoices":true,"_surecart_dashboard_navigation_subscriptions":true,"_surecart_dashboard_navigation_downloads":true,"_surecart_dashboard_navigation_billing":true,"_surecart_dashboard_navigation_account":true,"_uag_custom_page_level_css":"","footnotes":""},"class_list":["post-1485","page","type-page","status-publish","hentry"],"aioseo_notices":[],"kubio_ai_page_context":{"short_desc":"","purpose":"general"},"uagb_featured_image_src":{"full":false,"thumbnail":false,"medium":false,"medium_large":false,"large":false,"1536x1536":false,"2048x2048":false,"kubio-fullhd":false,"woocommerce_thumbnail":false,"woocommerce_single":false,"woocommerce_gallery_thumbnail":false},"uagb_author_info":{"display_name":"Parquemaniacos","author_link":"https:\/\/parquemaniacos.es\/disneymaniacos\/author\/disneymaniacosporelmundogmail-com\/"},"uagb_comment_info":0,"uagb_excerpt":"En PortAventura World, la diversi\u00f3n no solo est\u00e1 en las atracciones, \u00a1tambi\u00e9n en su deliciosa oferta gastron\u00f3mica! Desde platos mediterr\u00e1neos hasta sabores ex\u00f3ticos, aqu\u00ed encontrar\u00e1s opciones para todos los paladares y presupuestos. Restaurantes en PortAventura Park: Restaurantes en Ferrari Land: Restaurantes en Caribe Aquatic Park: Hoteles de PortAventura World: Los hoteles del resort tambi\u00e9n cuentan&hellip;","_links":{"self":[{"href":"https:\/\/parquemaniacos.es\/disneymaniacos\/wp-json\/wp\/v2\/pages\/1485","targetHints":{"allow":["GET"]}}],"collection":[{"href":"https:\/\/parquemaniacos.es\/disneymaniacos\/wp-json\/wp\/v2\/pages"}],"about":[{"href":"https:\/\/parquemaniacos.es\/disneymaniacos\/wp-json\/wp\/v2\/types\/page"}],"author":[{"embeddable":true,"href":"https:\/\/parquemaniacos.es\/disneymaniacos\/wp-json\/wp\/v2\/users\/1"}],"replies":[{"embeddable":true,"href":"https:\/\/parquemaniacos.es\/disneymaniacos\/wp-json\/wp\/v2\/comments?post=1485"}],"version-history":[{"count":7,"href":"https:\/\/parquemaniacos.es\/disneymaniacos\/wp-json\/wp\/v2\/pages\/1485\/revisions"}],"predecessor-version":[{"id":1768,"href":"https:\/\/parquemaniacos.es\/disneymaniacos\/wp-json\/wp\/v2\/pages\/1485\/revisions\/1768"}],"wp:attachment":[{"href":"https:\/\/parquemaniacos.es\/disneymaniacos\/wp-json\/wp\/v2\/media?parent=1485"}],"curies":[{"name":"wp","href":"https:\/\/api.w.org\/{rel}","templated":true}]}}