{"id":1483,"date":"2025-03-30T22:12:45","date_gmt":"2025-03-30T22:12:45","guid":{"rendered":"https:\/\/parquemaniacos.es\/disneymaniacos\/?page_id=1483"},"modified":"2025-07-14T16:25:09","modified_gmt":"2025-07-14T16:25:09","slug":"donde-dormir-en-port-aventura","status":"publish","type":"page","link":"https:\/\/parquemaniacos.es\/disneymaniacos\/donde-dormir-en-port-aventura\/","title":{"rendered":"Hoteles Port Aventura World"},"content":{"rendered":"\n<p>Si quieres disfrutar al m\u00e1ximo de PortAventura World, \u00a1al\u00f3jate en uno de sus hoteles tem\u00e1ticos! Tendr\u00e1s acceso directo a los parques, ventajas exclusivas y una experiencia inolvidable.<\/p>\n\n\n\n<p><strong>Ventajas de alojarse en los hoteles de PortAventura World:<\/strong><\/p>\n\n\n\n<ul class=\"wp-block-list\">\n<li>Entradas a los parques incluidas.<\/li>\n\n\n\n<li>Acceso directo a PortAventura Park.<\/li>\n\n\n\n<li>Descuentos en pases Express.<\/li>\n\n\n\n<li>Parking gratuito.<\/li>\n\n\n\n<li>Tematizaci\u00f3n \u00fanica en cada hotel.<\/li>\n<\/ul>\n\n\n\n\n\n<p><\/p>\n","protected":false},"excerpt":{"rendered":"<p>Si quieres disfrutar al m\u00e1ximo de PortAventura World, \u00a1al\u00f3jate en uno de sus hoteles tem\u00e1ticos! Tendr\u00e1s acceso directo a los parques, ventajas exclusivas y una experiencia inolvidable. Ventajas de alojarse en los hoteles de PortAventura World:<\/p>\n","protected":false},"author":1,"featured_media":0,"parent":0,"menu_order":0,"comment_status":"closed","ping_status":"closed","template":"","meta":{"saved_in_kubio":false,"_surecart_dashboard_logo_width":"180px","_surecart_dashboard_show_logo":true,"_surecart_dashboard_navigation_orders":true,"_surecart_dashboard_navigation_invoices":true,"_surecart_dashboard_navigation_subscriptions":true,"_surecart_dashboard_navigation_downloads":true,"_surecart_dashboard_navigation_billing":true,"_surecart_dashboard_navigation_account":true,"_uag_custom_page_level_css":"","footnotes":""},"class_list":["post-1483","page","type-page","status-publish","hentry"],"aioseo_notices":[],"kubio_ai_page_context":{"short_desc":"","purpose":"general"},"uagb_featured_image_src":{"full":false,"thumbnail":false,"medium":false,"medium_large":false,"large":false,"1536x1536":false,"2048x2048":false,"kubio-fullhd":false,"woocommerce_thumbnail":false,"woocommerce_single":false,"woocommerce_gallery_thumbnail":false},"uagb_author_info":{"display_name":"Parquemaniacos","author_link":"https:\/\/parquemaniacos.es\/disneymaniacos\/author\/disneymaniacosporelmundogmail-com\/"},"uagb_comment_info":0,"uagb_excerpt":"Si quieres disfrutar al m\u00e1ximo de PortAventura World, \u00a1al\u00f3jate en uno de sus hoteles tem\u00e1ticos! Tendr\u00e1s acceso directo a los parques, ventajas exclusivas y una experiencia inolvidable. Ventajas de alojarse en los hoteles de PortAventura World:","_links":{"self":[{"href":"https:\/\/parquemaniacos.es\/disneymaniacos\/wp-json\/wp\/v2\/pages\/1483","targetHints":{"allow":["GET"]}}],"collection":[{"href":"https:\/\/parquemaniacos.es\/disneymaniacos\/wp-json\/wp\/v2\/pages"}],"about":[{"href":"https:\/\/parquemaniacos.es\/disneymaniacos\/wp-json\/wp\/v2\/types\/page"}],"author":[{"embeddable":true,"href":"https:\/\/parquemaniacos.es\/disneymaniacos\/wp-json\/wp\/v2\/users\/1"}],"replies":[{"embeddable":true,"href":"https:\/\/parquemaniacos.es\/disneymaniacos\/wp-json\/wp\/v2\/comments?post=1483"}],"version-history":[{"count":20,"href":"https:\/\/parquemaniacos.es\/disneymaniacos\/wp-json\/wp\/v2\/pages\/1483\/revisions"}],"predecessor-version":[{"id":1775,"href":"https:\/\/parquemaniacos.es\/disneymaniacos\/wp-json\/wp\/v2\/pages\/1483\/revisions\/1775"}],"wp:attachment":[{"href":"https:\/\/parquemaniacos.es\/disneymaniacos\/wp-json\/wp\/v2\/media?parent=1483"}],"curies":[{"name":"wp","href":"https:\/\/api.w.org\/{rel}","templated":true}]}}