{"id":13,"date":"2025-03-25T22:50:36","date_gmt":"2025-03-25T22:50:36","guid":{"rendered":"https:\/\/forestgreen-narwhal-999138.hostingersite.com\/?page_id=13"},"modified":"2025-03-30T23:09:21","modified_gmt":"2025-03-30T23:09:21","slug":"disneyland-paris","status":"publish","type":"page","link":"https:\/\/parquemaniacos.es\/disneymaniacos\/disneyland-paris\/","title":{"rendered":"Disneyland Paris"},"content":{"rendered":"\n<p>\u00a1Disneyland Paris es el destino perfecto para crear recuerdos inolvidables en familia! Un mundo de fantas\u00eda donde los sue\u00f1os se hacen realidad, con dos parques tem\u00e1ticos llenos de aventuras y espect\u00e1culos que encantar\u00e1n a grandes y peque\u00f1os.<\/p>\n\n\n\n<p><strong>Parque Disneyland:<\/strong><\/p>\n\n\n\n<ul class=\"wp-block-list\">\n<li>Ad\u00e9ntrate en los cuentos cl\u00e1sicos de Disney, conoce a tus personajes favoritos y enam\u00f3rate con el impresionante Castillo de la Bella Durmiente.<\/li>\n\n\n\n<li>Disfruta de emocionantes atracciones para todas las edades, desde las trepidantes Star Wars Hyperspace Mountain o Big Thunder Mountain, hasta los m\u00e1gicos paseos en barco.<\/li>\n\n\n\n<li>No te pierdas los espect\u00e1culos y desfiles llenos de m\u00fasica, color y la magia de Disney.<\/li>\n<\/ul>\n\n\n\n<p><strong>Parque Walt Disney Studios:<\/strong><\/p>\n\n\n\n<ul class=\"wp-block-list\">\n<li>Vive la emoci\u00f3n de las atracciones inspiradas en las pel\u00edculas de Disney y Pixar.<\/li>\n\n\n\n<li>Prep\u00e1rate para la acci\u00f3n en atracciones como la The Twilight Zone Tower of Terror o Crush&#8217;s Coaster.<\/li>\n\n\n\n<li>A partir de 2026, \u00a1Prep\u00e1rate para vivir una aventura completamente nueva en Disney Adventure World!<\/li>\n<\/ul>\n\n\n\n<p><strong>M\u00e1s all\u00e1 de los parques:<\/strong><\/p>\n\n\n\n<ul class=\"wp-block-list\">\n<li>Al\u00f3jate en uno de los hoteles tem\u00e1ticos de Disney, donde la magia contin\u00faa incluso despu\u00e9s de cerrar los parques.<\/li>\n\n\n\n<li>Explora Disney Village, un centro de entretenimiento con tiendas, restaurantes y espect\u00e1culos para toda la familia.<\/li>\n\n\n\n<li>Disfruta de la comodidad y la magia de los servicios especiales para familias, como el alquiler de cochecitos, los centros de atenci\u00f3n para beb\u00e9s y las opciones de comida para ni\u00f1os.<\/li>\n<\/ul>\n\n\n\n<p><strong>Consejos para tu visita en familia:<\/strong><\/p>\n\n\n\n<ul class=\"wp-block-list\">\n<li>Planifica tu visita con anticipaci\u00f3n, consulta los horarios de los parques y espect\u00e1culos, y reserva tus entradas y alojamiento con tiempo.<\/li>\n\n\n\n<li>Aprovecha el servicio Disney Premier Access para evitar las colas en las atracciones m\u00e1s populares.<\/li>\n\n\n\n<li>Descarga la aplicaci\u00f3n m\u00f3vil oficial de Disneyland Paris para consultar los tiempos de espera, los horarios de los espect\u00e1culos y la ubicaci\u00f3n de los personajes.<\/li>\n\n\n\n<li>No te pierdas la oportunidad de conocer a tus personajes favoritos, \u00a1las fotos con ellos son un recuerdo m\u00e1gico! Contrata Photopass.<\/li>\n<\/ul>\n\n\n\n<p>Disneyland Paris es mucho m\u00e1s que un parque de atracciones, es un lugar donde la magia y la diversi\u00f3n se unen para crear experiencias inolvidables en familia. \u00a1Disfruta la magia de Disney!<\/p>\n","protected":false},"excerpt":{"rendered":"<p>\u00a1Disneyland Paris es el destino perfecto para crear recuerdos inolvidables en familia! Un mundo de fantas\u00eda donde los sue\u00f1os se hacen realidad, con dos parques tem\u00e1ticos llenos de aventuras y espect\u00e1culos que encantar\u00e1n a grandes y peque\u00f1os. Parque Disneyland: Parque Walt Disney Studios: M\u00e1s all\u00e1 de los parques: Consejos para tu visita en familia: Disneyland [&hellip;]<\/p>\n","protected":false},"author":1,"featured_media":0,"parent":0,"menu_order":0,"comment_status":"closed","ping_status":"closed","template":"","meta":{"saved_in_kubio":false,"_surecart_dashboard_logo_width":"180px","_surecart_dashboard_show_logo":true,"_surecart_dashboard_navigation_orders":true,"_surecart_dashboard_navigation_invoices":true,"_surecart_dashboard_navigation_subscriptions":true,"_surecart_dashboard_navigation_downloads":true,"_surecart_dashboard_navigation_billing":true,"_surecart_dashboard_navigation_account":true,"_uag_custom_page_level_css":"","footnotes":""},"class_list":["post-13","page","type-page","status-publish","hentry"],"aioseo_notices":[],"kubio_ai_page_context":{"short_desc":"","purpose":"general"},"uagb_featured_image_src":{"full":false,"thumbnail":false,"medium":false,"medium_large":false,"large":false,"1536x1536":false,"2048x2048":false,"kubio-fullhd":false,"woocommerce_thumbnail":false,"woocommerce_single":false,"woocommerce_gallery_thumbnail":false},"uagb_author_info":{"display_name":"Parquemaniacos","author_link":"https:\/\/parquemaniacos.es\/disneymaniacos\/author\/disneymaniacosporelmundogmail-com\/"},"uagb_comment_info":0,"uagb_excerpt":"\u00a1Disneyland Paris es el destino perfecto para crear recuerdos inolvidables en familia! Un mundo de fantas\u00eda donde los sue\u00f1os se hacen realidad, con dos parques tem\u00e1ticos llenos de aventuras y espect\u00e1culos que encantar\u00e1n a grandes y peque\u00f1os. Parque Disneyland: Parque Walt Disney Studios: M\u00e1s all\u00e1 de los parques: Consejos para tu visita en familia: Disneyland&hellip;","_links":{"self":[{"href":"https:\/\/parquemaniacos.es\/disneymaniacos\/wp-json\/wp\/v2\/pages\/13","targetHints":{"allow":["GET"]}}],"collection":[{"href":"https:\/\/parquemaniacos.es\/disneymaniacos\/wp-json\/wp\/v2\/pages"}],"about":[{"href":"https:\/\/parquemaniacos.es\/disneymaniacos\/wp-json\/wp\/v2\/types\/page"}],"author":[{"embeddable":true,"href":"https:\/\/parquemaniacos.es\/disneymaniacos\/wp-json\/wp\/v2\/users\/1"}],"replies":[{"embeddable":true,"href":"https:\/\/parquemaniacos.es\/disneymaniacos\/wp-json\/wp\/v2\/comments?post=13"}],"version-history":[{"count":2,"href":"https:\/\/parquemaniacos.es\/disneymaniacos\/wp-json\/wp\/v2\/pages\/13\/revisions"}],"predecessor-version":[{"id":1519,"href":"https:\/\/parquemaniacos.es\/disneymaniacos\/wp-json\/wp\/v2\/pages\/13\/revisions\/1519"}],"wp:attachment":[{"href":"https:\/\/parquemaniacos.es\/disneymaniacos\/wp-json\/wp\/v2\/media?parent=13"}],"curies":[{"name":"wp","href":"https:\/\/api.w.org\/{rel}","templated":true}]}}